{"id":7490,"date":"2023-04-11T17:24:39","date_gmt":"2023-04-11T15:24:39","guid":{"rendered":"https:\/\/location.derella.fr\/?page_id=7490"},"modified":"2023-04-21T15:50:42","modified_gmt":"2023-04-21T13:50:42","slug":"reservation","status":"publish","type":"page","link":"https:\/\/location.derella.fr\/en\/reservation\/","title":{"rendered":"R\u00e9servation"},"content":{"rendered":"<div data-elementor-type=\"wp-page\" data-elementor-id=\"7490\" class=\"elementor elementor-7490\" data-elementor-post-type=\"page\">\n\t\t\t\t\t\t\t\t\t<section class=\"elementor-section elementor-top-section elementor-element elementor-element-75aa534 elementor-section-full_width elementor-section-height-default elementor-section-height-default\" data-id=\"75aa534\" data-element_type=\"section\">\n\t\t\t\t\t\t<div class=\"elementor-container elementor-column-gap-default\">\n\t\t\t\t\t<div class=\"elementor-column elementor-col-100 elementor-top-column elementor-element elementor-element-f405ad5\" data-id=\"f405ad5\" data-element_type=\"column\">\n\t\t\t<div class=\"elementor-widget-wrap elementor-element-populated\">\n\t\t\t\t\t\t\t\t<div class=\"elementor-element elementor-element-1b7eff3 elementor-cta--skin-cover elementor-widget elementor-widget-call-to-action\" data-id=\"1b7eff3\" data-element_type=\"widget\" data-widget_type=\"call-to-action.default\">\n\t\t\t\t<div class=\"elementor-widget-container\">\n\t\t\t<link rel=\"stylesheet\" href=\"https:\/\/location.derella.fr\/wp-content\/plugins\/elementor-pro\/assets\/css\/widget-call-to-action.min.css\">\t\t<div class=\"elementor-cta\" data-e-bg-lazyload=\".elementor-bg\">\n\t\t\t\t\t<div class=\"elementor-cta__bg-wrapper\">\n\t\t\t\t<div class=\"elementor-cta__bg elementor-bg\" style=\"background-image: var(--e-bg-lazyload-loaded); --e-bg-lazyload: url(https:\/\/location.derella.fr\/wp-content\/uploads\/2023\/04\/Reservation-1024x357.webp);\" role=\"img\" aria-label=\"R\u00e9servez votre prochain s\u00e9jour en \u00eele-de-france\"><\/div>\n\t\t\t\t<div class=\"elementor-cta__bg-overlay\"><\/div>\n\t\t\t<\/div>\n\t\t\t\t\t\t\t<div class=\"elementor-cta__content\">\n\t\t\t\t\n\t\t\t\t\t\t\t\t\t<h2 class=\"elementor-cta__title elementor-cta__content-item elementor-content-item\">\n\t\t\t\t\t\tReady for a next stay?\t\t\t\t\t<\/h2>\n\t\t\t\t\n\t\t\t\t\t\t\t\t\t<div class=\"elementor-cta__description elementor-cta__content-item elementor-content-item\">\n\t\t\t\t\t\tCheck the availability of our accommodations without delay\t\t\t\t\t<\/div>\n\t\t\t\t\n\t\t\t\t\t\t\t<\/div>\n\t\t\t\t\t\t<\/div>\n\t\t\t\t<\/div>\n\t\t\t\t<\/div>\n\t\t\t\t\t<\/div>\n\t\t<\/div>\n\t\t\t\t\t\t\t<\/div>\n\t\t<\/section>\n\t\t\t\t<section class=\"elementor-section elementor-top-section elementor-element elementor-element-b37c545 elementor-section-boxed elementor-section-height-default elementor-section-height-default\" data-id=\"b37c545\" data-element_type=\"section\" data-settings=\"{&quot;background_background&quot;:&quot;classic&quot;}\" data-e-bg-lazyload=\"\">\n\t\t\t\t\t\t\t<div class=\"elementor-background-overlay\"><\/div>\n\t\t\t\t\t\t\t<div class=\"elementor-container elementor-column-gap-default\">\n\t\t\t\t\t<div class=\"elementor-column elementor-col-100 elementor-top-column elementor-element elementor-element-4a2b09a\" data-id=\"4a2b09a\" data-element_type=\"column\">\n\t\t\t<div class=\"elementor-widget-wrap elementor-element-populated\">\n\t\t\t\t\t\t\t\t<div class=\"elementor-element elementor-element-0ba0920 elementor-widget elementor-widget-spacer\" data-id=\"0ba0920\" data-element_type=\"widget\" data-widget_type=\"spacer.default\">\n\t\t\t\t<div class=\"elementor-widget-container\">\n\t\t\t<style>\/*! elementor - v3.18.0 - 20-12-2023 *\/\n.elementor-column .elementor-spacer-inner{height:var(--spacer-size)}.e-con{--container-widget-width:100%}.e-con-inner>.elementor-widget-spacer,.e-con>.elementor-widget-spacer{width:var(--container-widget-width,var(--spacer-size));--align-self:var(--container-widget-align-self,initial);--flex-shrink:0}.e-con-inner>.elementor-widget-spacer>.elementor-widget-container,.e-con>.elementor-widget-spacer>.elementor-widget-container{height:100%;width:100%}.e-con-inner>.elementor-widget-spacer>.elementor-widget-container>.elementor-spacer,.e-con>.elementor-widget-spacer>.elementor-widget-container>.elementor-spacer{height:100%}.e-con-inner>.elementor-widget-spacer>.elementor-widget-container>.elementor-spacer>.elementor-spacer-inner,.e-con>.elementor-widget-spacer>.elementor-widget-container>.elementor-spacer>.elementor-spacer-inner{height:var(--container-widget-height,var(--spacer-size))}.e-con-inner>.elementor-widget-spacer.elementor-widget-empty,.e-con>.elementor-widget-spacer.elementor-widget-empty{position:relative;min-height:22px;min-width:22px}.e-con-inner>.elementor-widget-spacer.elementor-widget-empty .elementor-widget-empty-icon,.e-con>.elementor-widget-spacer.elementor-widget-empty .elementor-widget-empty-icon{position:absolute;top:0;bottom:0;left:0;right:0;margin:auto;padding:0;width:22px;height:22px}<\/style>\t\t<div class=\"elementor-spacer\">\n\t\t\t<div class=\"elementor-spacer-inner\"><\/div>\n\t\t<\/div>\n\t\t\t\t<\/div>\n\t\t\t\t<\/div>\n\t\t\t\t\t<\/div>\n\t\t<\/div>\n\t\t\t\t\t\t\t<\/div>\n\t\t<\/section>\n\t\t\t\t<section class=\"elementor-section elementor-top-section elementor-element elementor-element-acf6202 elementor-section-full_width elementor-section-height-default elementor-section-height-default\" data-id=\"acf6202\" data-element_type=\"section\">\n\t\t\t\t\t\t<div class=\"elementor-container elementor-column-gap-default\">\n\t\t\t\t\t<div class=\"elementor-column elementor-col-100 elementor-top-column elementor-element elementor-element-0037c37\" data-id=\"0037c37\" data-element_type=\"column\">\n\t\t\t<div class=\"elementor-widget-wrap elementor-element-populated\">\n\t\t\t\t\t\t\t\t<div class=\"elementor-element elementor-element-c8a403e elementor-widget elementor-widget-html\" data-id=\"c8a403e\" data-element_type=\"widget\" data-widget_type=\"html.default\">\n\t\t\t\t<div class=\"elementor-widget-container\">\n\t\t\t<iframe id=\"bookingengine\" allowfullscreen src=\"https:\/\/app.superhote.com\/#\/get-available-rentals\/PGqP5t2kW0TxxOVUqAPXSKtSJ\" style=\"display:block\" width=\"100%\" height=\"5500\"frameborder=\"0\"><\/iframe><iframe id=\"bookingengine\" style=\"display: block;\" src=\"\" width=\"100%\" height=\"0\" frameborder=\"0\" scrolling=\"no\" allowfullscreen=\"allowfullscreen\"><\/iframe>\n<script>\nvar url = new URL(window.location.href);\nvar appart = url.searchParams.get(\"appart\");\nvar checkin = url.searchParams.get(\"checkin\");\nvar checkout = url.searchParams.get(\"checkout\");\nvar adults = url.searchParams.get(\"adults\");\nvar children = url.searchParams.get(\"children\");\nvar lang = url.searchParams.get(\"lang\");\nif(lang == null)\n    lang = \"fr\";\nif(appart == null) {\nvar iframeUrl = \"https:\/\/app.superhote.com\/#\/get-available-rentals\/PGqP5t2kW0TxxOVUqAPXSKtSJ\"+\"?startDate=\" + checkin + \"&endDate=\" + checkout + \"&adultsNumber=\" + adults + \"&childrenNumber=\" + children; + \"&lang=\" + lang;\nif(checkin == null) iframeUrl = \"https:\/\/app.superhote.com\/#\/get-available-rentals\/PGqP5t2kW0TxxOVUqAPXSKtSJ\" + \"?lang=\" + lang;\ndocument.getElementById('bookingengine').src = iframeUrl;\n} else {\nvar iframeUrl = \"https:\/\/app.superhote.com\/#\/get-available-rentals\/PGqP5t2kW0TxxOVUqAPXSKtSJ\" + \"?lang=\" + lang;\ndocument.getElementById('bookingengine').src = iframeUrl;\n} <\/script>\n\n<style>\n.main-content-container{\n    width:100%;\nmax-width:100%;\n    padding:0;\nmargin:0:\n}\n.gdlr-main-content{\n    margin:0 !important;\n}\n.gdlr-main-content p{\n    margin:0 !important;\n}\n.body-wrapper.gdlr-header-transparent .gdlr-page-title-wrapper{\n    padding-top: 120px;\n    padding-bottom: 40px;\n}\n<\/style>\n\t\t<\/div>\n\t\t\t\t<\/div>\n\t\t\t\t\t<\/div>\n\t\t<\/div>\n\t\t\t\t\t\t\t<\/div>\n\t\t<\/section>\n\t\t\t\t\t\t\t<\/div>","protected":false},"excerpt":{"rendered":"<p>Pr\u00eat pour un prochain s\u00e9jour ? V\u00e9rifiez sans tarder la disponibilit\u00e9 de nos logements<\/p>","protected":false},"author":12,"featured_media":8435,"parent":0,"menu_order":0,"comment_status":"closed","ping_status":"closed","template":"","meta":{"inline_featured_image":false,"footnotes":""},"class_list":["post-7490","page","type-page","status-publish","has-post-thumbnail","hentry"],"yoast_head":"<!-- This site is optimized with the Yoast SEO plugin v21.8 - https:\/\/yoast.com\/wordpress\/plugins\/seo\/ -->\n<title>R\u00e9servation - Derella Location<\/title>\n<meta name=\"description\" content=\"R\u00e9servez votre prochain s\u00e9jour en \u00cele-de-France dans un logement Derella. V\u00e9rifiez la disponibilit\u00e9s de vos dates.\" \/>\n<meta name=\"robots\" content=\"index, follow, max-snippet:-1, max-image-preview:large, max-video-preview:-1\" \/>\n<link rel=\"canonical\" href=\"https:\/\/location.derella.fr\/en\/reservation\/\" \/>\n<meta property=\"og:locale\" content=\"en_GB\" \/>\n<meta property=\"og:type\" content=\"article\" \/>\n<meta property=\"og:title\" content=\"R\u00e9servation - Derella Location\" \/>\n<meta property=\"og:description\" content=\"R\u00e9servez votre prochain s\u00e9jour en \u00cele-de-France dans un logement Derella. V\u00e9rifiez la disponibilit\u00e9s de vos dates.\" \/>\n<meta property=\"og:url\" content=\"https:\/\/location.derella.fr\/en\/reservation\/\" \/>\n<meta property=\"og:site_name\" content=\"Derella Location\" \/>\n<meta property=\"article:modified_time\" content=\"2023-04-21T13:50:42+00:00\" \/>\n<meta property=\"og:image\" content=\"https:\/\/location.derella.fr\/wp-content\/uploads\/2023\/04\/location-derella.webp\" \/>\n\t<meta property=\"og:image:width\" content=\"1920\" \/>\n\t<meta property=\"og:image:height\" content=\"1080\" \/>\n\t<meta property=\"og:image:type\" content=\"image\/webp\" \/>\n<meta name=\"twitter:card\" content=\"summary_large_image\" \/>\n<meta name=\"twitter:label1\" content=\"Estimated reading time\" \/>\n\t<meta name=\"twitter:data1\" content=\"1 minute\" \/>\n<script type=\"application\/ld+json\" class=\"yoast-schema-graph\">{\"@context\":\"https:\/\/schema.org\",\"@graph\":[{\"@type\":\"WebPage\",\"@id\":\"https:\/\/location.derella.fr\/reservation\/\",\"url\":\"https:\/\/location.derella.fr\/reservation\/\",\"name\":\"R\u00e9servation - Derella Location\",\"isPartOf\":{\"@id\":\"https:\/\/location.derella.fr\/#website\"},\"datePublished\":\"2023-04-11T15:24:39+00:00\",\"dateModified\":\"2023-04-21T13:50:42+00:00\",\"description\":\"R\u00e9servez votre prochain s\u00e9jour en \u00cele-de-France dans un logement Derella. V\u00e9rifiez la disponibilit\u00e9s de vos dates.\",\"breadcrumb\":{\"@id\":\"https:\/\/location.derella.fr\/reservation\/#breadcrumb\"},\"inLanguage\":\"en-GB\",\"potentialAction\":[{\"@type\":\"ReadAction\",\"target\":[\"https:\/\/location.derella.fr\/reservation\/\"]}]},{\"@type\":\"BreadcrumbList\",\"@id\":\"https:\/\/location.derella.fr\/reservation\/#breadcrumb\",\"itemListElement\":[{\"@type\":\"ListItem\",\"position\":1,\"name\":\"Accueil\",\"item\":\"https:\/\/location.derella.fr\/\"},{\"@type\":\"ListItem\",\"position\":2,\"name\":\"R\u00e9servation\"}]},{\"@type\":\"WebSite\",\"@id\":\"https:\/\/location.derella.fr\/#website\",\"url\":\"https:\/\/location.derella.fr\/\",\"name\":\"Derella Location\",\"description\":\"S\u00e9journez en \u00cele-de-France dans des logements tout inclus\",\"publisher\":{\"@id\":\"https:\/\/location.derella.fr\/#organization\"},\"potentialAction\":[{\"@type\":\"SearchAction\",\"target\":{\"@type\":\"EntryPoint\",\"urlTemplate\":\"https:\/\/location.derella.fr\/?s={search_term_string}\"},\"query-input\":\"required name=search_term_string\"}],\"inLanguage\":\"en-GB\"},{\"@type\":\"Organization\",\"@id\":\"https:\/\/location.derella.fr\/#organization\",\"name\":\"Derella Location\",\"url\":\"https:\/\/location.derella.fr\/\",\"logo\":{\"@type\":\"ImageObject\",\"inLanguage\":\"en-GB\",\"@id\":\"https:\/\/location.derella.fr\/#\/schema\/logo\/image\/\",\"url\":\"https:\/\/location.derella.fr\/wp-content\/uploads\/2020\/05\/Derella_logo-grand-format-couleur.svg\",\"contentUrl\":\"https:\/\/location.derella.fr\/wp-content\/uploads\/2020\/05\/Derella_logo-grand-format-couleur.svg\",\"width\":2764,\"height\":594,\"caption\":\"Derella Location\"},\"image\":{\"@id\":\"https:\/\/location.derella.fr\/#\/schema\/logo\/image\/\"}}]}<\/script>\n<!-- \/ Yoast SEO plugin. -->","yoast_head_json":{"title":"R\u00e9servation - Derella Location","description":"R\u00e9servez votre prochain s\u00e9jour en \u00cele-de-France dans un logement Derella. V\u00e9rifiez la disponibilit\u00e9s de vos dates.","robots":{"index":"index","follow":"follow","max-snippet":"max-snippet:-1","max-image-preview":"max-image-preview:large","max-video-preview":"max-video-preview:-1"},"canonical":"https:\/\/location.derella.fr\/en\/reservation\/","og_locale":"en_GB","og_type":"article","og_title":"R\u00e9servation - Derella Location","og_description":"R\u00e9servez votre prochain s\u00e9jour en \u00cele-de-France dans un logement Derella. V\u00e9rifiez la disponibilit\u00e9s de vos dates.","og_url":"https:\/\/location.derella.fr\/en\/reservation\/","og_site_name":"Derella Location","article_modified_time":"2023-04-21T13:50:42+00:00","og_image":[{"width":1920,"height":1080,"url":"https:\/\/location.derella.fr\/wp-content\/uploads\/2023\/04\/location-derella.webp","type":"image\/webp"}],"twitter_card":"summary_large_image","twitter_misc":{"Estimated reading time":"1 minute"},"schema":{"@context":"https:\/\/schema.org","@graph":[{"@type":"WebPage","@id":"https:\/\/location.derella.fr\/reservation\/","url":"https:\/\/location.derella.fr\/reservation\/","name":"R\u00e9servation - Derella Location","isPartOf":{"@id":"https:\/\/location.derella.fr\/#website"},"datePublished":"2023-04-11T15:24:39+00:00","dateModified":"2023-04-21T13:50:42+00:00","description":"R\u00e9servez votre prochain s\u00e9jour en \u00cele-de-France dans un logement Derella. V\u00e9rifiez la disponibilit\u00e9s de vos dates.","breadcrumb":{"@id":"https:\/\/location.derella.fr\/reservation\/#breadcrumb"},"inLanguage":"en-GB","potentialAction":[{"@type":"ReadAction","target":["https:\/\/location.derella.fr\/reservation\/"]}]},{"@type":"BreadcrumbList","@id":"https:\/\/location.derella.fr\/reservation\/#breadcrumb","itemListElement":[{"@type":"ListItem","position":1,"name":"Accueil","item":"https:\/\/location.derella.fr\/"},{"@type":"ListItem","position":2,"name":"R\u00e9servation"}]},{"@type":"WebSite","@id":"https:\/\/location.derella.fr\/#website","url":"https:\/\/location.derella.fr\/","name":"Derella Location","description":"S\u00e9journez en \u00cele-de-France dans des logements tout inclus","publisher":{"@id":"https:\/\/location.derella.fr\/#organization"},"potentialAction":[{"@type":"SearchAction","target":{"@type":"EntryPoint","urlTemplate":"https:\/\/location.derella.fr\/?s={search_term_string}"},"query-input":"required name=search_term_string"}],"inLanguage":"en-GB"},{"@type":"Organization","@id":"https:\/\/location.derella.fr\/#organization","name":"Derella Location","url":"https:\/\/location.derella.fr\/","logo":{"@type":"ImageObject","inLanguage":"en-GB","@id":"https:\/\/location.derella.fr\/#\/schema\/logo\/image\/","url":"https:\/\/location.derella.fr\/wp-content\/uploads\/2020\/05\/Derella_logo-grand-format-couleur.svg","contentUrl":"https:\/\/location.derella.fr\/wp-content\/uploads\/2020\/05\/Derella_logo-grand-format-couleur.svg","width":2764,"height":594,"caption":"Derella Location"},"image":{"@id":"https:\/\/location.derella.fr\/#\/schema\/logo\/image\/"}}]}},"_links":{"self":[{"href":"https:\/\/location.derella.fr\/en\/wp-json\/wp\/v2\/pages\/7490","targetHints":{"allow":["GET"]}}],"collection":[{"href":"https:\/\/location.derella.fr\/en\/wp-json\/wp\/v2\/pages"}],"about":[{"href":"https:\/\/location.derella.fr\/en\/wp-json\/wp\/v2\/types\/page"}],"author":[{"embeddable":true,"href":"https:\/\/location.derella.fr\/en\/wp-json\/wp\/v2\/users\/12"}],"replies":[{"embeddable":true,"href":"https:\/\/location.derella.fr\/en\/wp-json\/wp\/v2\/comments?post=7490"}],"version-history":[{"count":34,"href":"https:\/\/location.derella.fr\/en\/wp-json\/wp\/v2\/pages\/7490\/revisions"}],"predecessor-version":[{"id":8427,"href":"https:\/\/location.derella.fr\/en\/wp-json\/wp\/v2\/pages\/7490\/revisions\/8427"}],"wp:featuredmedia":[{"embeddable":true,"href":"https:\/\/location.derella.fr\/en\/wp-json\/wp\/v2\/media\/8435"}],"wp:attachment":[{"href":"https:\/\/location.derella.fr\/en\/wp-json\/wp\/v2\/media?parent=7490"}],"curies":[{"name":"wp","href":"https:\/\/api.w.org\/{rel}","templated":true}]}}