{"id":4608,"date":"2016-04-16T06:08:41","date_gmt":"2016-04-16T05:08:41","guid":{"rendered":"http:\/\/superbordeaux.fr\/?page_id=4608"},"modified":"2023-04-26T14:40:31","modified_gmt":"2023-04-26T12:40:31","slug":"mentions-legales","status":"publish","type":"page","link":"https:\/\/location.derella.fr\/en\/mentions-legales\/","title":{"rendered":"Legal Notice"},"content":{"rendered":"<div data-elementor-type=\"wp-page\" data-elementor-id=\"4608\" class=\"elementor elementor-4608\" data-elementor-post-type=\"page\">\n\t\t\t\t\t\t\t\t\t<section class=\"elementor-section elementor-top-section elementor-element elementor-element-6f2cd84 elementor-section-full_width elementor-section-height-default elementor-section-height-default\" data-id=\"6f2cd84\" data-element_type=\"section\">\n\t\t\t\t\t\t<div class=\"elementor-container elementor-column-gap-default\">\n\t\t\t\t\t<div class=\"elementor-column elementor-col-100 elementor-top-column elementor-element elementor-element-4e6d11f\" data-id=\"4e6d11f\" data-element_type=\"column\">\n\t\t\t<div class=\"elementor-widget-wrap elementor-element-populated\">\n\t\t\t\t\t\t\t\t<div class=\"elementor-element elementor-element-0c8df7a elementor-cta--skin-cover elementor-widget elementor-widget-call-to-action\" data-id=\"0c8df7a\" data-element_type=\"widget\" data-widget_type=\"call-to-action.default\">\n\t\t\t\t<div class=\"elementor-widget-container\">\n\t\t\t<link rel=\"stylesheet\" href=\"https:\/\/location.derella.fr\/wp-content\/plugins\/elementor-pro\/assets\/css\/widget-call-to-action.min.css\">\t\t<div class=\"elementor-cta\" data-e-bg-lazyload=\".elementor-bg\">\n\t\t\t\t\t<div class=\"elementor-cta__bg-wrapper\">\n\t\t\t\t<div class=\"elementor-cta__bg elementor-bg\" style=\"background-image: var(--e-bg-lazyload-loaded); --e-bg-lazyload: url(https:\/\/location.derella.fr\/wp-content\/uploads\/2023\/04\/confidentialite-1024x357.webp);\" role=\"img\" aria-label=\"Paris, \u00cele-de-France\"><\/div>\n\t\t\t\t<div class=\"elementor-cta__bg-overlay\"><\/div>\n\t\t\t<\/div>\n\t\t\t\t\t\t\t<div class=\"elementor-cta__content\">\n\t\t\t\t\n\t\t\t\t\t\t\t\t\t<h2 class=\"elementor-cta__title elementor-cta__content-item elementor-content-item\">\n\t\t\t\t\t\tLegal Notice\t\t\t\t\t<\/h2>\n\t\t\t\t\n\t\t\t\t\n\t\t\t\t\t\t\t<\/div>\n\t\t\t\t\t\t<\/div>\n\t\t\t\t<\/div>\n\t\t\t\t<\/div>\n\t\t\t\t\t<\/div>\n\t\t<\/div>\n\t\t\t\t\t\t\t<\/div>\n\t\t<\/section>\n\t\t\t\t<section class=\"elementor-section elementor-top-section elementor-element elementor-element-eb1acf0 elementor-section-boxed elementor-section-height-default elementor-section-height-default\" data-id=\"eb1acf0\" data-element_type=\"section\" data-settings=\"{&quot;background_background&quot;:&quot;classic&quot;}\" data-e-bg-lazyload=\"\">\n\t\t\t\t\t\t\t<div class=\"elementor-background-overlay\"><\/div>\n\t\t\t\t\t\t\t<div class=\"elementor-container elementor-column-gap-default\">\n\t\t\t\t\t<div class=\"elementor-column elementor-col-100 elementor-top-column elementor-element elementor-element-7286551\" data-id=\"7286551\" data-element_type=\"column\">\n\t\t\t<div class=\"elementor-widget-wrap elementor-element-populated\">\n\t\t\t\t\t\t\t\t<div class=\"elementor-element elementor-element-6b076be elementor-widget elementor-widget-spacer\" data-id=\"6b076be\" data-element_type=\"widget\" data-widget_type=\"spacer.default\">\n\t\t\t\t<div class=\"elementor-widget-container\">\n\t\t\t<style>\/*! elementor - v3.18.0 - 20-12-2023 *\/\n.elementor-column .elementor-spacer-inner{height:var(--spacer-size)}.e-con{--container-widget-width:100%}.e-con-inner>.elementor-widget-spacer,.e-con>.elementor-widget-spacer{width:var(--container-widget-width,var(--spacer-size));--align-self:var(--container-widget-align-self,initial);--flex-shrink:0}.e-con-inner>.elementor-widget-spacer>.elementor-widget-container,.e-con>.elementor-widget-spacer>.elementor-widget-container{height:100%;width:100%}.e-con-inner>.elementor-widget-spacer>.elementor-widget-container>.elementor-spacer,.e-con>.elementor-widget-spacer>.elementor-widget-container>.elementor-spacer{height:100%}.e-con-inner>.elementor-widget-spacer>.elementor-widget-container>.elementor-spacer>.elementor-spacer-inner,.e-con>.elementor-widget-spacer>.elementor-widget-container>.elementor-spacer>.elementor-spacer-inner{height:var(--container-widget-height,var(--spacer-size))}.e-con-inner>.elementor-widget-spacer.elementor-widget-empty,.e-con>.elementor-widget-spacer.elementor-widget-empty{position:relative;min-height:22px;min-width:22px}.e-con-inner>.elementor-widget-spacer.elementor-widget-empty .elementor-widget-empty-icon,.e-con>.elementor-widget-spacer.elementor-widget-empty .elementor-widget-empty-icon{position:absolute;top:0;bottom:0;left:0;right:0;margin:auto;padding:0;width:22px;height:22px}<\/style>\t\t<div class=\"elementor-spacer\">\n\t\t\t<div class=\"elementor-spacer-inner\"><\/div>\n\t\t<\/div>\n\t\t\t\t<\/div>\n\t\t\t\t<\/div>\n\t\t\t\t\t<\/div>\n\t\t<\/div>\n\t\t\t\t\t\t\t<\/div>\n\t\t<\/section>\n\t\t\t\t<section class=\"elementor-section elementor-top-section elementor-element elementor-element-2867ded9 elementor-section-boxed elementor-section-height-default elementor-section-height-default\" data-id=\"2867ded9\" data-element_type=\"section\">\n\t\t\t\t\t\t<div class=\"elementor-container elementor-column-gap-default\">\n\t\t\t\t\t<div class=\"elementor-column elementor-col-100 elementor-top-column elementor-element elementor-element-6cb5db1\" data-id=\"6cb5db1\" data-element_type=\"column\">\n\t\t\t<div class=\"elementor-widget-wrap elementor-element-populated\">\n\t\t\t\t\t\t\t\t<div class=\"elementor-element elementor-element-78fdf66c elementor-widget elementor-widget-text-editor\" data-id=\"78fdf66c\" data-element_type=\"widget\" data-widget_type=\"text-editor.default\">\n\t\t\t\t<div class=\"elementor-widget-container\">\n\t\t\t<style>\/*! elementor - v3.18.0 - 20-12-2023 *\/\n.elementor-widget-text-editor.elementor-drop-cap-view-stacked .elementor-drop-cap{background-color:#69727d;color:#fff}.elementor-widget-text-editor.elementor-drop-cap-view-framed .elementor-drop-cap{color:#69727d;border:3px solid;background-color:transparent}.elementor-widget-text-editor:not(.elementor-drop-cap-view-default) .elementor-drop-cap{margin-top:8px}.elementor-widget-text-editor:not(.elementor-drop-cap-view-default) .elementor-drop-cap-letter{width:1em;height:1em}.elementor-widget-text-editor .elementor-drop-cap{float:left;text-align:center;line-height:1;font-size:50px}.elementor-widget-text-editor .elementor-drop-cap-letter{display:inline-block}<\/style>\t\t\t\t<p><b>location.derella.fr<\/b><\/p>\n<p>Conform\u00e9ment aux dispositions des Articles 6-III et 19 de la Loi n\u00b02004-575 du 21 juin 2004 pour la Confiance dans l\u2019\u00e9conomie num\u00e9rique, dite L.C.E.N., il est port\u00e9 \u00e0 la connaissance des utilisateurs et visiteurs du site location.derella.fr les pr\u00e9sentes mentions l\u00e9gales.<\/p>\n<p>Le site location.derella.fr est accessible \u00e0 l\u2019adresse suivante :<br>location.derella.fr (ci-apr\u00e8s \u00ab le Site \u00bb). L\u2019acc\u00e8s et l\u2019utilisation du Site sont soumis aux pr\u00e9sentes \u00ab Mentions l\u00e9gales \u00bb d\u00e9taill\u00e9es ci-apr\u00e8s ainsi qu\u2019aux lois et\/ou r\u00e8glements applicables.<br>La connexion, l\u2019utilisation et l\u2019acc\u00e8s \u00e0 ce Site impliquent l\u2019acceptation int\u00e9grale et sans r\u00e9serve de l\u2019internaute de toutes les dispositions des pr\u00e9sentes Mentions L\u00e9gales.<\/p>\n<p><span style=\"font-weight: bold; color: var( --e-global-color-text ); font-family: var( --e-global-typography-text-font-family ), Sans-serif; font-size: 1rem;\">Article<\/span><b>&nbsp;1 \u2013 Information l\u00e9gales<\/b><\/p>\n<p>En vertu de l\u2019Article 6 de la Loi n\u00b0 2004-575 du 21 juin 2004 pour la confiance dans l\u2019\u00e9conomie num\u00e9rique, il est pr\u00e9cis\u00e9 dans cet article l\u2019identit\u00e9 des diff\u00e9rents intervenants dans le cadre de sa r\u00e9alisation et de son suivi.<\/p>\n<p>Le Site et les Services sont exploit\u00e9s par la soci\u00e9t\u00e9 DERELLA par actions simplifi\u00e9e au capital de 1000 \u20ac immatricul\u00e9e sous le num\u00e9ro 888 088 028 RCS PARIS, dont le si\u00e8ge se trouve 11 Rue de Lourmel 75015 Paris. Num\u00e9ro de TVA intracommunautaire: FR67819675885.<\/p>\n<p><strong>DERELLA peut \u00eatre contact\u00e9 aux coordonn\u00e9es suivantes :<\/strong><\/p>\n<ul>\n<li>Par voie postale: DERELLA : 11 Rue de Lourmel, 75015 Paris<\/li>\n<li>Par voie \u00e9lectronique :&nbsp;contact@derella.fr<\/li>\n<li>Par voie t\u00e9l\u00e9phonique : 07 56 98 99 89<\/li>\n<\/ul>\n<p>Le Directeur de la publication du Site est : Monsieur Fabrice MONPIERRE.<\/p>\n<p><strong>Le site location.derella.fr est \u00e9dit\u00e9 par Monsieur St\u00e9phan Burgaud, ci-apr\u00e8s \u00ab l\u2019\u00c9diteur \u00bb qui peut \u00eatre contact\u00e9 aux coordonn\u00e9es suivantes :<\/strong><\/p>\n<ul>\n<li>Par t\u00e9l\u00e9phone: 06 85 03 20 38<\/li>\n<li>Par voie \u00e9lectronique : contact(@)squarex.fr<\/li>\n<li>Par le site internet :&nbsp;<a href=\"https:\/\/squarex.fr\" target=\"_blank\">squarex.fr<\/a><\/li>\n<\/ul>\n<p>Le site location.derella.fr est h\u00e9berg\u00e9 par la soci\u00e9t\u00e9 IONOS SE dont le si\u00e8ge est situ\u00e9 7 place de la Gare BP 70109 57200 Sarreguemines Cedex France info@ionos.fr.<\/p>\n<p>Sont consid\u00e9r\u00e9s comme utilisateurs tous les internautes qui naviguent, lisent, visionnent et utilisent le site location.derella.fr ci-apr\u00e8s les \u00ab Utilisateurs \u00bb.<\/p>\n<p><b>Article 2 \u2013 Accessibilit\u00e9<\/b><\/p>\n<p>Le Site est par principe accessible aux utilisateurs 24\/24h et 7\/7j, sauf interruption, programm\u00e9e ou non, pour des besoins de maintenance ou en cas de force majeure.<br>En cas d\u2019impossibilit\u00e9 d\u2019acc\u00e8s au Site, celui-ci s\u2019engage \u00e0 faire son maximum afin d\u2019en r\u00e9tablir l\u2019acc\u00e8s. Le Site ne saurait \u00eatre tenu pour responsable de tout dommage, quelle qu\u2019en soit la nature, r\u00e9sultant de son indisponibilit\u00e9.<\/p>\n<p><span style=\"font-weight: bold; color: var( --e-global-color-text ); font-family: var( --e-global-typography-text-font-family ), Sans-serif; font-size: 1rem;\">Article<\/span><b>&nbsp;3 \u2013 Collecte de donn\u00e9es et loi informatique et libert\u00e9s<\/b><\/p>\n<p>Le Site est exempt\u00e9 de d\u00e9claration \u00e0 la Commission Nationale Informatique et Libert\u00e9s (CNIL) dans la mesure o\u00f9 il ne collecte aucune donn\u00e9e des Utilisateurs.<\/p>\n<p><span style=\"font-weight: bold; color: var( --e-global-color-text ); font-family: var( --e-global-typography-text-font-family ), Sans-serif; font-size: 1rem;\">Article<\/span><b>&nbsp;4 \u2013 Politique de cookies<\/b><\/p>\n<p>Le Site a \u00e9ventuellement recours aux techniques de \u00ab cookies \u00bb lui permettant de traiter des statistiques et des informations sur le trafic, de faciliter la navigation et d\u2019am\u00e9liorer le service pour le confort de l\u2019Utilisateur.<br>Conform\u00e9ment \u00e0 la l\u00e9gislation europ\u00e9enne, le Site a mis \u00e0 jour sa politique de confidentialit\u00e9 en mati\u00e8re de cookies. L\u2019Utilisateur est libre d\u2019accepter ou de refuser les cookies de tous les sites internet en modifiant les param\u00e8tres de son navigateur internet.<\/p>\n<p><span style=\"font-weight: bold; color: var( --e-global-color-text ); font-family: var( --e-global-typography-text-font-family ), Sans-serif; font-size: 1rem;\">Article<\/span><b>&nbsp;5 \u2013 Loi applicable et juridiction<\/b><\/p>\n<p>Les pr\u00e9sentes Mentions L\u00e9gales sont r\u00e9gies par la loi fran\u00e7aise. En cas de diff\u00e9rend et \u00e0 d\u00e9faut d\u2019accord amiable, le litige sera port\u00e9 devant les tribunaux fran\u00e7ais conform\u00e9ment aux r\u00e8gles de comp\u00e9tence en vigueur.<\/p>\n<p><span style=\"font-weight: bold; color: var( --e-global-color-text ); font-family: var( --e-global-typography-text-font-family ), Sans-serif; font-size: 1rem;\">Article<\/span><b>&nbsp;6 \u2013 Contact<\/b><\/p>\n<p>Pour tout signalement de contenus ou d\u2019activit\u00e9s illicites, l\u2019Utilisateur peut contacter l\u2019\u00c9diteur \u00e0 l\u2019adresse suivante : contact@derella.fr, ou par courrier recommand\u00e9 avec accus\u00e9 de r\u00e9ception adress\u00e9 \u00e0 l\u2019\u00c9diteur aux coordonn\u00e9es pr\u00e9cis\u00e9es dans les pr\u00e9sentes mentions l\u00e9gales.<\/p>\n<p>Derella vous souhaite une excellente navigation<\/p>\t\t\t\t\t\t<\/div>\n\t\t\t\t<\/div>\n\t\t\t\t\t<\/div>\n\t\t<\/div>\n\t\t\t\t\t\t\t<\/div>\n\t\t<\/section>\n\t\t\t\t\t\t\t<\/div>","protected":false},"excerpt":{"rendered":"<p>Mentions l\u00e9gales location.derella.fr Conform\u00e9ment aux dispositions des Articles 6-III et 19 de la Loi n\u00b02004-575 du 21 juin 2004 pour la Confiance dans l\u2019\u00e9conomie num\u00e9rique, dite L.C.E.N., il est port\u00e9 \u00e0 la connaissance des utilisateurs et visiteurs du site location.derella.fr les pr\u00e9sentes mentions l\u00e9gales. Le site location.derella.fr est accessible \u00e0 l\u2019adresse suivante :location.derella.fr (ci-apr\u00e8s \u00ab [&hellip;]<\/p>","protected":false},"author":1,"featured_media":8435,"parent":0,"menu_order":0,"comment_status":"closed","ping_status":"closed","template":"","meta":{"inline_featured_image":false,"footnotes":""},"class_list":["post-4608","page","type-page","status-publish","has-post-thumbnail","hentry"],"yoast_head":"<!-- This site is optimized with the Yoast SEO plugin v21.8 - https:\/\/yoast.com\/wordpress\/plugins\/seo\/ -->\n<title>Mentions l\u00e9gales - Derella Location<\/title>\n<meta name=\"description\" content=\"Acc\u00e9dez \u00e0 nos mentions l\u00e9gales.\" \/>\n<meta name=\"robots\" content=\"index, follow, max-snippet:-1, max-image-preview:large, max-video-preview:-1\" \/>\n<link rel=\"canonical\" href=\"https:\/\/location.derella.fr\/en\/mentions-legales\/\" \/>\n<meta property=\"og:locale\" content=\"en_GB\" \/>\n<meta property=\"og:type\" content=\"article\" \/>\n<meta property=\"og:title\" content=\"Mentions l\u00e9gales - Derella Location\" \/>\n<meta property=\"og:description\" content=\"Acc\u00e9dez \u00e0 nos mentions l\u00e9gales.\" \/>\n<meta property=\"og:url\" content=\"https:\/\/location.derella.fr\/en\/mentions-legales\/\" \/>\n<meta property=\"og:site_name\" content=\"Derella Location\" \/>\n<meta property=\"article:modified_time\" content=\"2023-04-26T12:40:31+00:00\" \/>\n<meta property=\"og:image\" content=\"https:\/\/location.derella.fr\/wp-content\/uploads\/2023\/04\/location-derella.webp\" \/>\n\t<meta property=\"og:image:width\" content=\"1920\" \/>\n\t<meta property=\"og:image:height\" content=\"1080\" \/>\n\t<meta property=\"og:image:type\" content=\"image\/webp\" \/>\n<meta name=\"twitter:card\" content=\"summary_large_image\" \/>\n<meta name=\"twitter:label1\" content=\"Estimated reading time\" \/>\n\t<meta name=\"twitter:data1\" content=\"3 minutes\" \/>\n<script type=\"application\/ld+json\" class=\"yoast-schema-graph\">{\"@context\":\"https:\/\/schema.org\",\"@graph\":[{\"@type\":\"WebPage\",\"@id\":\"https:\/\/location.derella.fr\/mentions-legales\/\",\"url\":\"https:\/\/location.derella.fr\/mentions-legales\/\",\"name\":\"Mentions l\u00e9gales - Derella Location\",\"isPartOf\":{\"@id\":\"https:\/\/location.derella.fr\/#website\"},\"datePublished\":\"2016-04-16T05:08:41+00:00\",\"dateModified\":\"2023-04-26T12:40:31+00:00\",\"description\":\"Acc\u00e9dez \u00e0 nos mentions l\u00e9gales.\",\"breadcrumb\":{\"@id\":\"https:\/\/location.derella.fr\/mentions-legales\/#breadcrumb\"},\"inLanguage\":\"en-GB\",\"potentialAction\":[{\"@type\":\"ReadAction\",\"target\":[\"https:\/\/location.derella.fr\/mentions-legales\/\"]}]},{\"@type\":\"BreadcrumbList\",\"@id\":\"https:\/\/location.derella.fr\/mentions-legales\/#breadcrumb\",\"itemListElement\":[{\"@type\":\"ListItem\",\"position\":1,\"name\":\"Accueil\",\"item\":\"https:\/\/location.derella.fr\/\"},{\"@type\":\"ListItem\",\"position\":2,\"name\":\"Mentions l\u00e9gales\"}]},{\"@type\":\"WebSite\",\"@id\":\"https:\/\/location.derella.fr\/#website\",\"url\":\"https:\/\/location.derella.fr\/\",\"name\":\"Derella Location\",\"description\":\"S\u00e9journez en \u00cele-de-France dans des logements tout inclus\",\"publisher\":{\"@id\":\"https:\/\/location.derella.fr\/#organization\"},\"potentialAction\":[{\"@type\":\"SearchAction\",\"target\":{\"@type\":\"EntryPoint\",\"urlTemplate\":\"https:\/\/location.derella.fr\/?s={search_term_string}\"},\"query-input\":\"required name=search_term_string\"}],\"inLanguage\":\"en-GB\"},{\"@type\":\"Organization\",\"@id\":\"https:\/\/location.derella.fr\/#organization\",\"name\":\"Derella Location\",\"url\":\"https:\/\/location.derella.fr\/\",\"logo\":{\"@type\":\"ImageObject\",\"inLanguage\":\"en-GB\",\"@id\":\"https:\/\/location.derella.fr\/#\/schema\/logo\/image\/\",\"url\":\"https:\/\/location.derella.fr\/wp-content\/uploads\/2020\/05\/Derella_logo-grand-format-couleur.svg\",\"contentUrl\":\"https:\/\/location.derella.fr\/wp-content\/uploads\/2020\/05\/Derella_logo-grand-format-couleur.svg\",\"width\":2764,\"height\":594,\"caption\":\"Derella Location\"},\"image\":{\"@id\":\"https:\/\/location.derella.fr\/#\/schema\/logo\/image\/\"}}]}<\/script>\n<!-- \/ Yoast SEO plugin. -->","yoast_head_json":{"title":"Mentions l\u00e9gales - Derella Location","description":"Acc\u00e9dez \u00e0 nos mentions l\u00e9gales.","robots":{"index":"index","follow":"follow","max-snippet":"max-snippet:-1","max-image-preview":"max-image-preview:large","max-video-preview":"max-video-preview:-1"},"canonical":"https:\/\/location.derella.fr\/en\/mentions-legales\/","og_locale":"en_GB","og_type":"article","og_title":"Mentions l\u00e9gales - Derella Location","og_description":"Acc\u00e9dez \u00e0 nos mentions l\u00e9gales.","og_url":"https:\/\/location.derella.fr\/en\/mentions-legales\/","og_site_name":"Derella Location","article_modified_time":"2023-04-26T12:40:31+00:00","og_image":[{"width":1920,"height":1080,"url":"https:\/\/location.derella.fr\/wp-content\/uploads\/2023\/04\/location-derella.webp","type":"image\/webp"}],"twitter_card":"summary_large_image","twitter_misc":{"Estimated reading time":"3 minutes"},"schema":{"@context":"https:\/\/schema.org","@graph":[{"@type":"WebPage","@id":"https:\/\/location.derella.fr\/mentions-legales\/","url":"https:\/\/location.derella.fr\/mentions-legales\/","name":"Mentions l\u00e9gales - Derella Location","isPartOf":{"@id":"https:\/\/location.derella.fr\/#website"},"datePublished":"2016-04-16T05:08:41+00:00","dateModified":"2023-04-26T12:40:31+00:00","description":"Acc\u00e9dez \u00e0 nos mentions l\u00e9gales.","breadcrumb":{"@id":"https:\/\/location.derella.fr\/mentions-legales\/#breadcrumb"},"inLanguage":"en-GB","potentialAction":[{"@type":"ReadAction","target":["https:\/\/location.derella.fr\/mentions-legales\/"]}]},{"@type":"BreadcrumbList","@id":"https:\/\/location.derella.fr\/mentions-legales\/#breadcrumb","itemListElement":[{"@type":"ListItem","position":1,"name":"Accueil","item":"https:\/\/location.derella.fr\/"},{"@type":"ListItem","position":2,"name":"Mentions l\u00e9gales"}]},{"@type":"WebSite","@id":"https:\/\/location.derella.fr\/#website","url":"https:\/\/location.derella.fr\/","name":"Derella Location","description":"S\u00e9journez en \u00cele-de-France dans des logements tout inclus","publisher":{"@id":"https:\/\/location.derella.fr\/#organization"},"potentialAction":[{"@type":"SearchAction","target":{"@type":"EntryPoint","urlTemplate":"https:\/\/location.derella.fr\/?s={search_term_string}"},"query-input":"required name=search_term_string"}],"inLanguage":"en-GB"},{"@type":"Organization","@id":"https:\/\/location.derella.fr\/#organization","name":"Derella Location","url":"https:\/\/location.derella.fr\/","logo":{"@type":"ImageObject","inLanguage":"en-GB","@id":"https:\/\/location.derella.fr\/#\/schema\/logo\/image\/","url":"https:\/\/location.derella.fr\/wp-content\/uploads\/2020\/05\/Derella_logo-grand-format-couleur.svg","contentUrl":"https:\/\/location.derella.fr\/wp-content\/uploads\/2020\/05\/Derella_logo-grand-format-couleur.svg","width":2764,"height":594,"caption":"Derella Location"},"image":{"@id":"https:\/\/location.derella.fr\/#\/schema\/logo\/image\/"}}]}},"_links":{"self":[{"href":"https:\/\/location.derella.fr\/en\/wp-json\/wp\/v2\/pages\/4608","targetHints":{"allow":["GET"]}}],"collection":[{"href":"https:\/\/location.derella.fr\/en\/wp-json\/wp\/v2\/pages"}],"about":[{"href":"https:\/\/location.derella.fr\/en\/wp-json\/wp\/v2\/types\/page"}],"author":[{"embeddable":true,"href":"https:\/\/location.derella.fr\/en\/wp-json\/wp\/v2\/users\/1"}],"replies":[{"embeddable":true,"href":"https:\/\/location.derella.fr\/en\/wp-json\/wp\/v2\/comments?post=4608"}],"version-history":[{"count":49,"href":"https:\/\/location.derella.fr\/en\/wp-json\/wp\/v2\/pages\/4608\/revisions"}],"predecessor-version":[{"id":8521,"href":"https:\/\/location.derella.fr\/en\/wp-json\/wp\/v2\/pages\/4608\/revisions\/8521"}],"wp:featuredmedia":[{"embeddable":true,"href":"https:\/\/location.derella.fr\/en\/wp-json\/wp\/v2\/media\/8435"}],"wp:attachment":[{"href":"https:\/\/location.derella.fr\/en\/wp-json\/wp\/v2\/media?parent=4608"}],"curies":[{"name":"wp","href":"https:\/\/api.w.org\/{rel}","templated":true}]}}